{"id":107,"date":"2025-11-16T23:03:55","date_gmt":"2025-11-16T23:03:55","guid":{"rendered":"https:\/\/www.blocshot.fr\/?page_id=107"},"modified":"2026-01-06T13:03:04","modified_gmt":"2026-01-06T13:03:04","slug":"regles","status":"publish","type":"page","link":"https:\/\/www.blocshot.fr\/?page_id=107","title":{"rendered":"R\u00e8gles"},"content":{"rendered":"<p>[et_pb_section fb_built=\u00a0\u00bb1&Prime; _builder_version=\u00a0\u00bb4.27.4&Prime; _module_preset=\u00a0\u00bbdefault\u00a0\u00bb background_enable_pattern_style=\u00a0\u00bbon\u00a0\u00bb background_pattern_style=\u00a0\u00bbpills\u00a0\u00bb top_divider_style=\u00a0\u00bbwaves2&Prime; top_divider_color=\u00a0\u00bb#E02B20&Prime; bottom_divider_style=\u00a0\u00bbwaves2&Prime; bottom_divider_color=\u00a0\u00bb#E02B20&Prime; global_colors_info=\u00a0\u00bb{}\u00a0\u00bb][et_pb_row column_structure=\u00a0\u00bb2_5,3_5&Prime; _builder_version=\u00a0\u00bb4.27.4&Prime; _module_preset=\u00a0\u00bbdefault\u00a0\u00bb global_colors_info=\u00a0\u00bb{}\u00a0\u00bb][et_pb_column type=\u00a0\u00bb2_5&Prime; _builder_version=\u00a0\u00bb4.27.4&Prime; _module_preset=\u00a0\u00bbdefault\u00a0\u00bb global_colors_info=\u00a0\u00bb{}\u00a0\u00bb][et_pb_image src=\u00a0\u00bbhttps:\/\/www.blocshot.fr\/wp-content\/uploads\/2025\/11\/Logo.png\u00a0\u00bb title_text=\u00a0\u00bbLogo\u00a0\u00bb align=\u00a0\u00bbcenter\u00a0\u00bb _builder_version=\u00a0\u00bb4.27.4&Prime; _module_preset=\u00a0\u00bbdefault\u00a0\u00bb animation_style=\u00a0\u00bbroll\u00a0\u00bb border_radii=\u00a0\u00bbon|1px|1px|1px|1px\u00a0\u00bb border_width_all=\u00a0\u00bb3px\u00a0\u00bb border_color_all=\u00a0\u00bb#E02B20&Prime; box_shadow_style=\u00a0\u00bbpreset2&Prime; global_colors_info=\u00a0\u00bb{}\u00a0\u00bb][\/et_pb_image][et_pb_button button_text=\u00a0\u00bbLien vers achat\u00a0\u00bb button_alignment=\u00a0\u00bbcenter\u00a0\u00bb _builder_version=\u00a0\u00bb4.27.4&Prime; _module_preset=\u00a0\u00bbdefault\u00a0\u00bb custom_button=\u00a0\u00bbon\u00a0\u00bb button_text_size=\u00a0\u00bb15px\u00a0\u00bb button_text_color=\u00a0\u00bb#EDF000&Prime; button_bg_color=\u00a0\u00bb#000000&Prime; button_border_width=\u00a0\u00bb1px\u00a0\u00bb button_border_color=\u00a0\u00bb#E02B20&Prime; button_border_radius=\u00a0\u00bb10px\u00a0\u00bb button_icon_color=\u00a0\u00bb#FFFFFF\u00a0\u00bb box_shadow_style=\u00a0\u00bbpreset4&Prime; global_colors_info=\u00a0\u00bb{}\u00a0\u00bb button_text_color__hover_enabled=\u00a0\u00bbon|desktop\u00a0\u00bb button_text_color__hover=\u00a0\u00bb#E02B20&Prime;][\/et_pb_button][\/et_pb_column][et_pb_column type=\u00a0\u00bb3_5&Prime; _builder_version=\u00a0\u00bb4.27.4&Prime; _module_preset=\u00a0\u00bbdefault\u00a0\u00bb global_colors_info=\u00a0\u00bb{}\u00a0\u00bb][et_pb_text _builder_version=\u00a0\u00bb4.27.5&Prime; _module_preset=\u00a0\u00bbdefault\u00a0\u00bb text_text_color=\u00a0\u00bb#000000&Prime; header_font=\u00a0\u00bb|800|||||||\u00a0\u00bb header_font_size=\u00a0\u00bb25px\u00a0\u00bb background_color=\u00a0\u00bb#FFFFFF\u00a0\u00bb custom_padding=\u00a0\u00bb10px|10px|10px|10px|true|true\u00a0\u00bb header_text_shadow_style=\u00a0\u00bbpreset3&Prime; header_text_shadow_color=\u00a0\u00bb#E02B20&Prime; border_radii=\u00a0\u00bbon|1px|1px|1px|1px\u00a0\u00bb border_width_all=\u00a0\u00bb1px\u00a0\u00bb border_color_all=\u00a0\u00bb#E02B20&Prime; box_shadow_style=\u00a0\u00bbpreset2&Prime; global_colors_info=\u00a0\u00bb{}\u00a0\u00bb]<\/p>\n<h1 style=\"text-align: left; text-indent: 0px; color: #000000 !important;\"><span style=\"font-family: Aptos, Aptos_MSFontService, -apple-system, Roboto, Arial, Helvetica, sans-serif, serif, EmojiFont;\" data-olk-copy-source=\"MessageBody\">\ud83d\udcdc\u00a0PAGE : R\u00c8GLES<\/span><\/h1>\n<h1 style=\"text-align: left; text-indent: 0px; color: #000000 !important;\"><span style=\"font-family: Aptos, Aptos_MSFontService, -apple-system, Roboto, Arial, Helvetica, sans-serif, serif, EmojiFont;\">R\u00e8gles officielles \u2014 BlocShot\u00ae (Version Rouge)<\/span><\/h1>\n<p style=\"text-align: left; text-indent: 0px;\">[\/et_pb_text][et_pb_text _builder_version=\u00a0\u00bb4.27.5&Prime; _module_preset=\u00a0\u00bbdefault\u00a0\u00bb text_text_color=\u00a0\u00bb#000000&Prime; header_font=\u00a0\u00bb|800|||||||\u00a0\u00bb header_font_size=\u00a0\u00bb25px\u00a0\u00bb header_2_font=\u00a0\u00bb|800|||||||\u00a0\u00bb header_2_text_color=\u00a0\u00bb#000000&Prime; header_2_font_size=\u00a0\u00bb14px\u00a0\u00bb background_color=\u00a0\u00bb#FFFFFF\u00a0\u00bb custom_padding=\u00a0\u00bb10px|10px|10px|10px|true|true\u00a0\u00bb header_text_shadow_style=\u00a0\u00bbpreset3&Prime; header_text_shadow_color=\u00a0\u00bb#E02B20&Prime; header_2_text_shadow_style=\u00a0\u00bbpreset3&Prime; header_2_text_shadow_color=\u00a0\u00bb#E02B20&Prime; border_radii=\u00a0\u00bbon|1px|1px|1px|1px\u00a0\u00bb border_width_all=\u00a0\u00bb1px\u00a0\u00bb border_color_all=\u00a0\u00bb#E02B20&Prime; box_shadow_style=\u00a0\u00bbpreset2&Prime; global_colors_info=\u00a0\u00bb{}\u00a0\u00bb]<\/p>\n<h1>BlocShot<\/h1>\n<p>Le jeu o\u00f9 chaque lancer rapproche du chaos.<\/p>\n<h2>MAT\u00c9RIEL<\/h2>\n<p>1 bloc rectangulaire rouge, marqu\u00e9 DRINK \/ +2 \/ +5)<\/p>\n<p>Boissons (alcoolis\u00e9es ou non)<\/p>\n<p>5 Jetons Non-Buveur<\/p>\n<p>1 table ou surface de lancer<\/p>\n<h2>PERSONNALISATION DU BLOC<\/h2>\n<p>Dessus \/ dessous : +5<\/p>\n<p>C\u00f4t\u00e9s lat\u00e9raux : +2<\/p>\n<p>Faces avant \/ arri\u00e8re : DRINK<\/p>\n<h2>MISE EN PLACE<\/h2>\n<p>Les non-buveurs re\u00e7oivent chacun 1 jeton.<\/p>\n<p>La partie commence avec la derni\u00e8re personne ayant vomi.<\/p>\n<h2>BUT DU JEU<\/h2>\n<p>Accumuler le plus de gorg\u00e9es possible, \u00e9viter de boire, et rester le dernier joueur en lice.<\/p>\n<h2>D\u00c9ROULEMENT DU JEU<\/h2>\n<p>\u00c0 tour de r\u00f4le, chaque joueur lance le bloc.<\/p>\n<p>On lit la face visible vers le haut :<\/p>\n<p>+2 ou +5 \u2192 Le joueur ajoute ce nombre de gorg\u00e9es aux pr\u00e9c\u00e9dente<\/p>\n<p>DRINK \u2192 Le joueur boit la totalit\u00e9 de ses gorg\u00e9es accumul\u00e9es.<\/p>\n<p>La partie reprend \u00e0 partir de lui.<\/p>\n<h2>JETONS NON-BUVEURS<\/h2>\n<p>Utilisables uniquement par les joueurs non-buveurs.<\/p>\n<p>Si un non-buveur tombe sur DRINK :<\/p>\n<p>Il ne boit pas.<\/p>\n<p>Le sens du jeu change.<\/p>\n<p>Les gorg\u00e9es restent comptabilis\u00e9es.<\/p>\n<h2>VARIANTE FREESTYLE (optionnelle)<\/h2>\n<p>Un joueur peut annoncer \u00ab\u00a0FREESTYLE\u00a0\u00bb avant de lancer le bloc pour tenter un d\u00e9fi.<\/p>\n<p>R\u00e9ussite Freestyle :<\/p>\n<p>Les gorg\u00e9es sont doubl\u00e9es.<\/p>\n<p>Si le bloc tombe sur le c\u00f4t\u00e9 : +4 gorg\u00e9es.<\/p>\n<p>Si le bloc tombe debout: +10 gorg\u00e9es.<\/p>\n<p>\u00c9chec Freestyle :<\/p>\n<p>Si le bloc tombe sur DRINK :<\/p>\n<p>Le joueur boit +2 gorg\u00e9es de p\u00e9nalit\u00e9 en plus des gorg\u00e9es accumul\u00e9es.<\/p>\n<p>Accord obligatoire :<\/p>\n<p>Tout lancer Freestyle doit \u00eatre valid\u00e9 par tous les joueurs avant d&rsquo;\u00eatre tent\u00e9.<\/p>\n<p>Exemples de Freestyle :<\/p>\n<p>Lancer les yeux ferm\u00e9s<\/p>\n<p>Lancer depuis 3 m\u00e8tres ou plus de la table<\/p>\n<p>Lancer en arri\u00e8re<\/p>\n<p>Lancer apr\u00e8s 3 tours sur soi-m\u00eame<\/p>\n<h2>\u00c9CHELLE DE GORG\u00c9ES<\/h2>\n<p>15 gorg\u00e9es = 1 verre<\/p>\n<p>Les joueurs peuvent suivre leur consommation de mani\u00e8re ludique.<\/p>\n<h2>FIN DE PARTIE<\/h2>\n<p>La partie continue tant qu&rsquo;il reste au moins deux joueurs actifs.<\/p>\n<p>Si un joueur abandonne : il quitte la partie.<\/p>\n<p>Le dernier survivant est sacr\u00e9 :<\/p>\n<p>Roi Reine du Bloc<\/p>\n<p>[\/et_pb_text][et_pb_button button_text=\u00a0\u00bbT\u00e9l\u00e9charger les r\u00e8gles PDF\u00a0\u00bb button_alignment=\u00a0\u00bbcenter\u00a0\u00bb _builder_version=\u00a0\u00bb4.27.5&Prime; _module_preset=\u00a0\u00bbdefault\u00a0\u00bb custom_button=\u00a0\u00bbon\u00a0\u00bb button_text_size=\u00a0\u00bb15px\u00a0\u00bb button_text_color=\u00a0\u00bb#EDF000&Prime; button_bg_color=\u00a0\u00bb#000000&Prime; button_border_width=\u00a0\u00bb1px\u00a0\u00bb button_border_color=\u00a0\u00bb#E02B20&Prime; button_border_radius=\u00a0\u00bb10px\u00a0\u00bb button_icon_color=\u00a0\u00bb#FFFFFF\u00a0\u00bb hover_enabled=\u00a0\u00bb0&Prime; box_shadow_style=\u00a0\u00bbpreset4&Prime; global_colors_info=\u00a0\u00bb{}\u00a0\u00bb button_text_color__hover_enabled=\u00a0\u00bbon|desktop\u00a0\u00bb button_text_color__hover=\u00a0\u00bb#E02B20&Prime; sticky_enabled=\u00a0\u00bb0&Prime;][\/et_pb_button][et_pb_text _builder_version=\u00a0\u00bb4.27.4&Prime; _module_preset=\u00a0\u00bbdefault\u00a0\u00bb text_text_color=\u00a0\u00bb#000000&Prime; header_font=\u00a0\u00bb|800|||||||\u00a0\u00bb header_font_size=\u00a0\u00bb25px\u00a0\u00bb background_color=\u00a0\u00bb#FFFFFF\u00a0\u00bb custom_padding=\u00a0\u00bb0px|10px|0px|10px|true|true\u00a0\u00bb header_text_shadow_style=\u00a0\u00bbpreset3&Prime; header_text_shadow_color=\u00a0\u00bb#E02B20&Prime; border_radii=\u00a0\u00bbon|1px|1px|1px|1px\u00a0\u00bb border_width_all=\u00a0\u00bb1px\u00a0\u00bb border_color_all=\u00a0\u00bb#E02B20&Prime; box_shadow_style=\u00a0\u00bbpreset2&Prime; global_colors_info=\u00a0\u00bb{}\u00a0\u00bb]<\/p>\n<h2 style=\"text-align: left; text-indent: 0px; color: #000000 !important;\"><span style=\"font-family: Aptos, Aptos_MSFontService, -apple-system, Roboto, Arial, Helvetica, sans-serif, serif, EmojiFont;\" data-olk-copy-source=\"MessageBody\">\u26a0\ufe0f Avertissements<\/span><\/h2>\n<ul style=\"text-align: left;\" data-end=\"3616\" data-start=\"3407\">\n<li style=\"font-family: Aptos, Aptos_MSFontService, -apple-system, Roboto, Arial, Helvetica, sans-serif; font-size: 12pt; color: #000000 !important;\">\n<p role=\"presentation\">Jeu r\u00e9serv\u00e9 aux <b>+18 ans<\/b><\/p>\n<\/li>\n<li style=\"font-family: Aptos, Aptos_MSFontService, -apple-system, Roboto, Arial, Helvetica, sans-serif; font-size: 12pt; color: #000000 !important;\">\n<p role=\"presentation\">L\u2019abus d\u2019alcool est dangereux pour la sant\u00e9<\/p>\n<\/li>\n<li style=\"font-family: Aptos, Aptos_MSFontService, -apple-system, Roboto, Arial, Helvetica, sans-serif; font-size: 12pt; color: #000000 !important;\">\n<p role=\"presentation\">BlocShot\u00ae n\u2019encourage pas la consommation excessive<\/p>\n<\/li>\n<li style=\"font-family: Aptos, Aptos_MSFontService, -apple-system, Roboto, Arial, Helvetica, sans-serif; font-size: 12pt; color: #000000 !important;\">\n<p role=\"presentation\">Vous pouvez jouer <b>sans alcool<\/b>\u00a0(jets d\u2019eau, d\u00e9fis, gages diff\u00e9rents)<\/p>\n<\/li>\n<\/ul>\n<p>[\/et_pb_text][\/et_pb_column][\/et_pb_row][\/et_pb_section]<\/p>\n","protected":false},"excerpt":{"rendered":"<p>\ud83d\udcdc\u00a0PAGE : R\u00c8GLES R\u00e8gles officielles \u2014 BlocShot\u00ae (Version Rouge) BlocShot Le jeu o\u00f9 chaque lancer rapproche du chaos. MAT\u00c9RIEL 1 bloc rectangulaire rouge, marqu\u00e9 DRINK \/ +2 \/ +5) Boissons (alcoolis\u00e9es ou non) 5 Jetons Non-Buveur 1 table ou surface de lancer PERSONNALISATION DU BLOC Dessus \/ dessous : +5 C\u00f4t\u00e9s lat\u00e9raux : +2 Faces [&hellip;]<\/p>\n","protected":false},"author":2,"featured_media":0,"parent":0,"menu_order":0,"comment_status":"closed","ping_status":"closed","template":"","meta":{"_et_pb_use_builder":"on","_et_pb_old_content":"","_et_gb_content_width":"","footnotes":""},"class_list":["post-107","page","type-page","status-publish","hentry"],"jetpack_sharing_enabled":true,"_links":{"self":[{"href":"https:\/\/www.blocshot.fr\/index.php?rest_route=\/wp\/v2\/pages\/107","targetHints":{"allow":["GET"]}}],"collection":[{"href":"https:\/\/www.blocshot.fr\/index.php?rest_route=\/wp\/v2\/pages"}],"about":[{"href":"https:\/\/www.blocshot.fr\/index.php?rest_route=\/wp\/v2\/types\/page"}],"author":[{"embeddable":true,"href":"https:\/\/www.blocshot.fr\/index.php?rest_route=\/wp\/v2\/users\/2"}],"replies":[{"embeddable":true,"href":"https:\/\/www.blocshot.fr\/index.php?rest_route=%2Fwp%2Fv2%2Fcomments&post=107"}],"version-history":[{"count":7,"href":"https:\/\/www.blocshot.fr\/index.php?rest_route=\/wp\/v2\/pages\/107\/revisions"}],"predecessor-version":[{"id":222,"href":"https:\/\/www.blocshot.fr\/index.php?rest_route=\/wp\/v2\/pages\/107\/revisions\/222"}],"wp:attachment":[{"href":"https:\/\/www.blocshot.fr\/index.php?rest_route=%2Fwp%2Fv2%2Fmedia&parent=107"}],"curies":[{"name":"wp","href":"https:\/\/api.w.org\/{rel}","templated":true}]}}