{"id":110,"date":"2025-11-16T23:05:02","date_gmt":"2025-11-16T23:05:02","guid":{"rendered":"https:\/\/www.blocshot.fr\/?page_id=110"},"modified":"2025-11-24T20:22:57","modified_gmt":"2025-11-24T20:22:57","slug":"le-createur","status":"publish","type":"page","link":"https:\/\/www.blocshot.fr\/?page_id=110","title":{"rendered":"Le cr\u00e9ateur"},"content":{"rendered":"<p>[et_pb_section fb_built=\u00a0\u00bb1&Prime; _builder_version=\u00a0\u00bb4.27.4&Prime; _module_preset=\u00a0\u00bbdefault\u00a0\u00bb background_enable_pattern_style=\u00a0\u00bbon\u00a0\u00bb background_pattern_style=\u00a0\u00bbpills\u00a0\u00bb top_divider_style=\u00a0\u00bbwaves2&Prime; top_divider_color=\u00a0\u00bb#E02B20&Prime; bottom_divider_style=\u00a0\u00bbwaves2&Prime; bottom_divider_color=\u00a0\u00bb#E02B20&Prime; global_colors_info=\u00a0\u00bb{}\u00a0\u00bb][et_pb_row _builder_version=\u00a0\u00bb4.27.4&Prime; _module_preset=\u00a0\u00bbdefault\u00a0\u00bb global_colors_info=\u00a0\u00bb{}\u00a0\u00bb][et_pb_column type=\u00a0\u00bb4_4&Prime; _builder_version=\u00a0\u00bb4.27.4&Prime; _module_preset=\u00a0\u00bbdefault\u00a0\u00bb global_colors_info=\u00a0\u00bb{}\u00a0\u00bb][et_pb_text _builder_version=\u00a0\u00bb4.27.4&Prime; _module_preset=\u00a0\u00bbdefault\u00a0\u00bb text_text_color=\u00a0\u00bb#000000&Prime; header_font=\u00a0\u00bb|800|||||||\u00a0\u00bb header_font_size=\u00a0\u00bb25px\u00a0\u00bb background_color=\u00a0\u00bb#FFFFFF\u00a0\u00bb custom_padding=\u00a0\u00bb20px|20px|20px|20px|true|true\u00a0\u00bb hover_enabled=\u00a0\u00bb0&Prime; header_text_shadow_style=\u00a0\u00bbpreset3&Prime; header_text_shadow_color=\u00a0\u00bb#E02B20&Prime; border_radii=\u00a0\u00bbon|1px|1px|1px|1px\u00a0\u00bb border_width_all=\u00a0\u00bb1px\u00a0\u00bb border_color_all=\u00a0\u00bb#E02B20&Prime; box_shadow_style=\u00a0\u00bbpreset2&Prime; global_colors_info=\u00a0\u00bb{}\u00a0\u00bb sticky_enabled=\u00a0\u00bb0&Prime;]<\/p>\n<h1>\u00c0 PROPOS DE MOI:<img loading=\"lazy\" decoding=\"async\" src=\"https:\/\/www.blocshot.fr\/wp-content\/uploads\/2025\/11\/Logo-300x300.png\" width=\"111\" height=\"111\" alt=\"\" class=\"wp-image-85 alignnone size-medium\" style=\"float: right;\" srcset=\"https:\/\/www.blocshot.fr\/wp-content\/uploads\/2025\/11\/Logo-300x300.png 300w, https:\/\/www.blocshot.fr\/wp-content\/uploads\/2025\/11\/Logo-150x150.png 150w, https:\/\/www.blocshot.fr\/wp-content\/uploads\/2025\/11\/Logo-768x768.png 768w, https:\/\/www.blocshot.fr\/wp-content\/uploads\/2025\/11\/Logo.png 1024w\" sizes=\"(max-width: 111px) 100vw, 111px\" \/><\/h1>\n<div dir=\"ltr\"><\/div>\n<div dir=\"ltr\"><\/div>\n<p>Je m\u2019appelle Ladislas Longuevergne, cr\u00e9ateur du jeu BlocShot\u00ae.\u2028J\u2019ai toujours aim\u00e9 les jeux en soir\u00e9e avec mon groupe d\u2019amis \u2028L\u2019aventure BlocShot\u00ae commence avec une id\u00e9e simple :\u2028cr\u00e9er un jeu capable de transformer n\u2019importe quelle soir\u00e9e en moment inoubliable. Plus de cartes, plus de d\u00e9s,<\/p>\n<div dir=\"ltr\"><\/div>\n<p>Juste un bloc.\u2028Un bloc qui d\u00e9cide pour toi.\u2028Un bloc qui peut te sauver\u2026 ou te condamner.<\/p>\n<div dir=\"ltr\"><\/div>\n<p>pendant des mois j\u2019ai travaill\u00e9 \u00e0 donner vie \u00e0 ce concept :\u2028tests, prototypes, am\u00e9liorations, soir\u00e9es entre amis, essais rat\u00e9s (parfois tr\u00e8s rat\u00e9s), puis enfin des tests concluants.<\/p>\n<div dir=\"ltr\"><\/div>\n<p>le Bloc Rouge est n\u00e9 \u2014 la premi\u00e8re version officielle de BlocShot\u00ae repr\u00e9sente le c\u0153ur du projet :\u2028un objet simple, solide, visuel, et terriblement addictif.<\/p>\n<div dir=\"ltr\"><\/div>\n<div dir=\"ltr\"><\/div>\n<p>\u00c0 propos du concept:<\/p>\n<div dir=\"ltr\"><\/div>\n<div dir=\"ltr\"><\/div>\n<p>BlocShot\u00ae, c\u2019est un jeu pens\u00e9 pour les soir\u00e9es entre amis.\u2028Tu lances le bloc, tu d\u00e9couvres l\u2019action\u2026\u2028et personne ne sait vraiment ce qui va se passer ensuite.<\/p>\n<div dir=\"ltr\"><\/div>\n<p>\u2022 Un bloc avec des faces d\u2019actions<\/p>\n<div dir=\"ltr\"><\/div>\n<p>\u2022 Des jetons \u201cnon-buveur \/ changement de sens\u201d pour retourner une situation<\/p>\n<div dir=\"ltr\"><\/div>\n<p>\u2022 Des r\u00e8gles simples<\/p>\n<div dir=\"ltr\"><\/div>\n<p>\u2022 Et beaucoup d\u2019impr\u00e9vus<\/p>\n<div dir=\"ltr\"><\/div>\n<p>Chaque partie est diff\u00e9rente, chaque lancer peut renverser la table, et chaque joueur devient acteur du chaos.<\/p>\n<div dir=\"ltr\"><\/div>\n<p>BlocShot\u00ae a \u00e9t\u00e9 imagin\u00e9 pour cr\u00e9er\u2028des souvenirs, des rire, et des moments inoubliables.<\/p>\n<div dir=\"ltr\"><\/div>\n<p>Et ce n\u2019est que le d\u00e9but.\u2028D\u2019autres versions sont d\u00e9j\u00e0 en pr\u00e9paration, chacune avec un univers unique\u2026<\/p>\n<div dir=\"ltr\"><\/div>\n<p>[\/et_pb_text][et_pb_text _builder_version=\u00a0\u00bb4.27.4&Prime; _module_preset=\u00a0\u00bbdefault\u00a0\u00bb text_text_color=\u00a0\u00bb#000000&Prime; header_font=\u00a0\u00bb|800|||||||\u00a0\u00bb header_font_size=\u00a0\u00bb25px\u00a0\u00bb background_color=\u00a0\u00bb#FFFFFF\u00a0\u00bb custom_padding=\u00a0\u00bb0px|10px|0px|10px|true|true\u00a0\u00bb header_text_shadow_style=\u00a0\u00bbpreset3&Prime; header_text_shadow_color=\u00a0\u00bb#E02B20&Prime; border_radii=\u00a0\u00bbon|1px|1px|1px|1px\u00a0\u00bb border_width_all=\u00a0\u00bb1px\u00a0\u00bb border_color_all=\u00a0\u00bb#E02B20&Prime; box_shadow_style=\u00a0\u00bbpreset2&Prime; global_colors_info=\u00a0\u00bb{}\u00a0\u00bb]<\/p>\n<h2 style=\"text-align: left; text-indent: 0px; color: #000000 !important;\"><span style=\"font-family: Aptos, Aptos_MSFontService, -apple-system, Roboto, Arial, Helvetica, sans-serif, serif, EmojiFont;\" data-olk-copy-source=\"MessageBody\">\u26a0\ufe0f Avertissements<\/span><\/h2>\n<ul style=\"text-align: left;\" data-end=\"3616\" data-start=\"3407\">\n<li style=\"font-family: Aptos, Aptos_MSFontService, -apple-system, Roboto, Arial, Helvetica, sans-serif; font-size: 12pt; color: #000000 !important;\">\n<p role=\"presentation\">Jeu r\u00e9serv\u00e9 aux <b>+18 ans<\/b><\/p>\n<\/li>\n<li style=\"font-family: Aptos, Aptos_MSFontService, -apple-system, Roboto, Arial, Helvetica, sans-serif; font-size: 12pt; color: #000000 !important;\">\n<p role=\"presentation\">L\u2019abus d\u2019alcool est dangereux pour la sant\u00e9<\/p>\n<\/li>\n<li style=\"font-family: Aptos, Aptos_MSFontService, -apple-system, Roboto, Arial, Helvetica, sans-serif; font-size: 12pt; color: #000000 !important;\">\n<p role=\"presentation\">BlocShot\u00ae n\u2019encourage pas la consommation excessive<\/p>\n<\/li>\n<li style=\"font-family: Aptos, Aptos_MSFontService, -apple-system, Roboto, Arial, Helvetica, sans-serif; font-size: 12pt; color: #000000 !important;\">\n<p role=\"presentation\">Vous pouvez jouer <b>sans alcool<\/b>\u00a0(jets d\u2019eau, d\u00e9fis, gages diff\u00e9rents)<\/p>\n<\/li>\n<\/ul>\n<p>[\/et_pb_text][\/et_pb_column][\/et_pb_row][\/et_pb_section]<\/p>\n","protected":false},"excerpt":{"rendered":"<p>\u00c0 PROPOS DE MOI: Je m\u2019appelle Ladislas Longuevergne, cr\u00e9ateur du jeu BlocShot\u00ae.\u2028J\u2019ai toujours aim\u00e9 les jeux en soir\u00e9e avec mon groupe d\u2019amis \u2028L\u2019aventure BlocShot\u00ae commence avec une id\u00e9e simple :\u2028cr\u00e9er un jeu capable de transformer n\u2019importe quelle soir\u00e9e en moment inoubliable. Plus de cartes, plus de d\u00e9s, Juste un bloc.\u2028Un bloc qui d\u00e9cide pour toi.\u2028Un [&hellip;]<\/p>\n","protected":false},"author":2,"featured_media":0,"parent":0,"menu_order":0,"comment_status":"closed","ping_status":"closed","template":"","meta":{"_et_pb_use_builder":"on","_et_pb_old_content":"","_et_gb_content_width":"","footnotes":""},"class_list":["post-110","page","type-page","status-publish","hentry"],"jetpack_sharing_enabled":true,"_links":{"self":[{"href":"https:\/\/www.blocshot.fr\/index.php?rest_route=\/wp\/v2\/pages\/110","targetHints":{"allow":["GET"]}}],"collection":[{"href":"https:\/\/www.blocshot.fr\/index.php?rest_route=\/wp\/v2\/pages"}],"about":[{"href":"https:\/\/www.blocshot.fr\/index.php?rest_route=\/wp\/v2\/types\/page"}],"author":[{"embeddable":true,"href":"https:\/\/www.blocshot.fr\/index.php?rest_route=\/wp\/v2\/users\/2"}],"replies":[{"embeddable":true,"href":"https:\/\/www.blocshot.fr\/index.php?rest_route=%2Fwp%2Fv2%2Fcomments&post=110"}],"version-history":[{"count":5,"href":"https:\/\/www.blocshot.fr\/index.php?rest_route=\/wp\/v2\/pages\/110\/revisions"}],"predecessor-version":[{"id":149,"href":"https:\/\/www.blocshot.fr\/index.php?rest_route=\/wp\/v2\/pages\/110\/revisions\/149"}],"wp:attachment":[{"href":"https:\/\/www.blocshot.fr\/index.php?rest_route=%2Fwp%2Fv2%2Fmedia&parent=110"}],"curies":[{"name":"wp","href":"https:\/\/api.w.org\/{rel}","templated":true}]}}